{"id":1629,"date":"2023-05-03T11:28:26","date_gmt":"2023-05-03T09:28:26","guid":{"rendered":"https:\/\/eviers-sur-mesure.fr\/?page_id=1629"},"modified":"2026-03-04T22:24:14","modified_gmt":"2026-03-04T21:24:14","slug":"etude-de-prix","status":"publish","type":"page","link":"https:\/\/eviers-sur-mesure.fr\/index.php\/etude-de-prix\/","title":{"rendered":"\u00c9tude de prix"},"content":{"rendered":"\t\t<div data-elementor-type=\"wp-page\" data-elementor-id=\"1629\" class=\"elementor elementor-1629\" data-elementor-post-type=\"page\">\n\t\t\t\t<div class=\"elementor-element elementor-element-89b0c38 e-flex e-con-boxed e-con e-parent\" data-id=\"89b0c38\" data-element_type=\"container\" data-e-type=\"container\" data-settings=\"{&quot;background_background&quot;:&quot;classic&quot;}\">\n\t\t\t\t\t<div class=\"e-con-inner\">\n\t\t<div class=\"elementor-element elementor-element-454d2cd e-con-full e-flex e-con e-child\" data-id=\"454d2cd\" data-element_type=\"container\" data-e-type=\"container\">\n\t\t\t\t<div class=\"elementor-element elementor-element-931b76b elementor-widget elementor-widget-image\" data-id=\"931b76b\" data-element_type=\"widget\" data-e-type=\"widget\" data-widget_type=\"image.default\">\n\t\t\t\t<div class=\"elementor-widget-container\">\n\t\t\t\t\t\t\t\t\t\t\t\t\t\t\t<img fetchpriority=\"high\" decoding=\"async\" width=\"480\" height=\"600\" src=\"https:\/\/eviers-sur-mesure.fr\/wp-content\/uploads\/2022\/05\/Charge-dafaire.jpg\" class=\"attachment-full size-full wp-image-1091\" alt=\"\" srcset=\"https:\/\/eviers-sur-mesure.fr\/wp-content\/uploads\/2022\/05\/Charge-dafaire.jpg 480w, https:\/\/eviers-sur-mesure.fr\/wp-content\/uploads\/2022\/05\/Charge-dafaire-240x300.jpg 240w\" sizes=\"(max-width: 480px) 100vw, 480px\" \/>\t\t\t\t\t\t\t\t\t\t\t\t\t\t\t<\/div>\n\t\t\t\t<\/div>\n\t\t\t\t<\/div>\n\t\t<div class=\"elementor-element elementor-element-ec4fe47 e-con-full e-flex e-con e-child\" data-id=\"ec4fe47\" data-element_type=\"container\" data-e-type=\"container\">\n\t\t\t\t<div class=\"elementor-element elementor-element-253ef68 elementor-widget elementor-widget-heading\" data-id=\"253ef68\" data-element_type=\"widget\" data-e-type=\"widget\" data-widget_type=\"heading.default\">\n\t\t\t\t<div class=\"elementor-widget-container\">\n\t\t\t\t\t<h2 class=\"elementor-heading-title elementor-size-default\">\u00c9tude de prix (service PAYANT)\n<\/h2>\t\t\t\t<\/div>\n\t\t\t\t<\/div>\n\t\t\t\t<div class=\"elementor-element elementor-element-c4bfdad elementor-widget elementor-widget-text-editor\" data-id=\"c4bfdad\" data-element_type=\"widget\" data-e-type=\"widget\" data-widget_type=\"text-editor.default\">\n\t\t\t\t<div class=\"elementor-widget-container\">\n\t\t\t\t\t\t\t\t\t<p>Nous comprenons que chaque projet est unique et qu&rsquo;il peut \u00eatre difficile de conna\u00eetre le co\u00fbt exact sans une \u00e9tude personnalis\u00e9e.<\/p>\n<p>C&rsquo;est pourquoi nous proposons une \u00e9tude de prix compl\u00e8te pour votre projet d&rsquo;\u00e9vier&nbsp;sur mesure. Cette \u00e9tude vous permettra de conna\u00eetre pr\u00e9cis\u00e9ment le co\u00fbt de votre projet et de visualiser le r\u00e9sultat final gr\u00e2ce \u00e0 un dessin num\u00e9ris\u00e9.<\/p>\n<p>Notre \u00e9quipe se chargera de l&rsquo;\u00e9tude de votre projet en prenant en compte vos exigences, vos besoins et votre budget. Nous travaillons avec les meilleurs outils et mat\u00e9riaux pour garantir la qualit\u00e9 et la durabilit\u00e9 de votre \u00e9vier.<\/p>\t\t\t\t\t\t\t\t<\/div>\n\t\t\t\t<\/div>\n\t\t\t\t<\/div>\n\t\t\t\t\t<\/div>\n\t\t\t\t<\/div>\n\t\t<div class=\"elementor-element elementor-element-6483358 e-flex e-con-boxed e-con e-parent\" data-id=\"6483358\" data-element_type=\"container\" data-e-type=\"container\" data-settings=\"{&quot;background_background&quot;:&quot;classic&quot;}\">\n\t\t\t\t\t<div class=\"e-con-inner\">\n\t\t<div class=\"elementor-element elementor-element-a77fc6e e-con-full e-flex e-con e-child\" data-id=\"a77fc6e\" data-element_type=\"container\" data-e-type=\"container\">\n\t\t\t\t<div class=\"elementor-element elementor-element-87ea9e8 elementor-widget elementor-widget-image\" data-id=\"87ea9e8\" data-element_type=\"widget\" data-e-type=\"widget\" data-widget_type=\"image.default\">\n\t\t\t\t<div class=\"elementor-widget-container\">\n\t\t\t\t\t\t\t\t\t\t\t\t\t\t\t<img decoding=\"async\" width=\"691\" height=\"1036\" src=\"https:\/\/eviers-sur-mesure.fr\/wp-content\/uploads\/2022\/05\/agent-ESM.webp\" class=\"attachment-full size-full wp-image-1385\" alt=\"\" srcset=\"https:\/\/eviers-sur-mesure.fr\/wp-content\/uploads\/2022\/05\/agent-ESM.webp 691w, https:\/\/eviers-sur-mesure.fr\/wp-content\/uploads\/2022\/05\/agent-ESM-200x300.webp 200w, https:\/\/eviers-sur-mesure.fr\/wp-content\/uploads\/2022\/05\/agent-ESM-683x1024.webp 683w, https:\/\/eviers-sur-mesure.fr\/wp-content\/uploads\/2022\/05\/agent-ESM-600x900.webp 600w\" sizes=\"(max-width: 691px) 100vw, 691px\" \/>\t\t\t\t\t\t\t\t\t\t\t\t\t\t\t<\/div>\n\t\t\t\t<\/div>\n\t\t\t\t<\/div>\n\t\t<div class=\"elementor-element elementor-element-d2e523e e-con-full e-flex e-con e-child\" data-id=\"d2e523e\" data-element_type=\"container\" data-e-type=\"container\">\n\t\t\t\t<div class=\"elementor-element elementor-element-9e8ea39 elementor-widget elementor-widget-heading\" data-id=\"9e8ea39\" data-element_type=\"widget\" data-e-type=\"widget\" data-widget_type=\"heading.default\">\n\t\t\t\t<div class=\"elementor-widget-container\">\n\t\t\t\t\t<h2 class=\"elementor-heading-title elementor-size-default\">\u00e9tude compl\u00e8te - 33,00 \u20ac TTC\n<\/h2>\t\t\t\t<\/div>\n\t\t\t\t<\/div>\n\t\t\t\t<div class=\"elementor-element elementor-element-a00d35d elementor-widget elementor-widget-text-editor\" data-id=\"a00d35d\" data-element_type=\"widget\" data-e-type=\"widget\" data-widget_type=\"text-editor.default\">\n\t\t\t\t<div class=\"elementor-widget-container\">\n\t\t\t\t\t\t\t\t\t<p>L&rsquo;\u00e9tude de prix demande diverses ressources afin de vous donner le maximum de clart\u00e9 dans votre projet (compr\u00e9hension des besoins et recherche de solutions, dessin et mise en plan, chiffrage, etc).<\/p>\t\t\t\t\t\t\t\t<\/div>\n\t\t\t\t<\/div>\n\t\t\t\t<div class=\"elementor-element elementor-element-1a52ca9 elementor-widget elementor-widget-text-editor\" data-id=\"1a52ca9\" data-element_type=\"widget\" data-e-type=\"widget\" data-widget_type=\"text-editor.default\">\n\t\t\t\t<div class=\"elementor-widget-container\">\n\t\t\t\t\t\t\t\t\t<p>Le co\u00fbt de l&rsquo;\u00e9tude de votre projet s&rsquo;\u00e9l\u00e8ve \u00e0 33,00 \u20ac TTC. Ce montant sera bien entendu\u00a0<b>rembours\u00e9 lors de votre commande<\/b>.<\/p><p>&#8211; Un technicien reviendra vers vous <b>sous 24h \u00e0 48h<\/b>.<\/p><p>&#8211; Une <b>\u00e9tude de faisabilit\u00e9 avec chiffrage et un visuel<\/b> de votre \u00e9vier sera r\u00e9alis\u00e9 ensuite.<\/p><p>&#8211; D\u00e9s\u00a0<b>\u00e9chantillons seront remis<\/b>\u00a0afin de choisir la couleur.<\/p><p>&#8211; Lors de votre accord, nous proc\u00e9derons ensuite avec un <b>plan de fabrication<\/b> c<span style=\"font-size: 14.4px; color: var( --e-global-color-secondary ); text-align: var(--text-align); background-color: var( --e-global-color-accent ); font-family: var( --e-global-typography-text-font-family ), Sans-serif; letter-spacing: var( --e-global-typography-text-letter-spacing );\">ot\u00e9 au millim\u00e8tre pour contr\u00f4ler chaque dimension.\u00a0<\/span><\/p><p>Nous sommes convaincus que cette \u00e9tude de prix personnalis\u00e9e vous permettra de <b>prendre une d\u00e9cision \u00e9clair\u00e9e quant \u00e0 la r\u00e9alisation de votre projet d&rsquo;\u00e9vier\u00a0sur\u00a0mesure<\/b>. N&rsquo;h\u00e9sitez pas \u00e0 nous contacter si vous avez des questions ou des pr\u00e9occupations. Nous sommes l\u00e0 pour vous aider.<\/p><p><strong>Pour obtenir votre \u00e9tude de prix, il vous suffit de cliquer sur le lien de paiement et remplir vos coordonn\u00e9es.<\/strong> Nous vous contacterons ensuite dans les 24 heures pour discuter de votre projet plus en d\u00e9tail.\u00a0<\/p>\t\t\t\t\t\t\t\t<\/div>\n\t\t\t\t<\/div>\n\t\t\t\t<div class=\"elementor-element elementor-element-880ddb8 elementor-button-success elementor-widget elementor-widget-button\" data-id=\"880ddb8\" data-element_type=\"widget\" data-e-type=\"widget\" data-widget_type=\"button.default\">\n\t\t\t\t<div class=\"elementor-widget-container\">\n\t\t\t\t\t\t\t\t\t<div class=\"elementor-button-wrapper\">\n\t\t\t\t\t<a class=\"elementor-button elementor-button-link elementor-size-sm\" href=\"https:\/\/buy.stripe.com\/dRmcN49ikfym1SF4KYcQU0a\" target=\"_blank\" rel=\"noopener\">\n\t\t\t\t\t\t<span class=\"elementor-button-content-wrapper\">\n\t\t\t\t\t\t\t\t\t<span class=\"elementor-button-text\">lancer mon \u00e9tude - 33,00 \u20ac TTC<\/span>\n\t\t\t\t\t<\/span>\n\t\t\t\t\t<\/a>\n\t\t\t\t<\/div>\n\t\t\t\t\t\t\t\t<\/div>\n\t\t\t\t<\/div>\n\t\t\t\t<div class=\"elementor-element elementor-element-9cdfe90 elementor-widget elementor-widget-text-editor\" data-id=\"9cdfe90\" data-element_type=\"widget\" data-e-type=\"widget\" data-widget_type=\"text-editor.default\">\n\t\t\t\t<div class=\"elementor-widget-container\">\n\t\t\t\t\t\t\t\t\t<p><em><strong>Paiement 100% s\u00e9curis\u00e9<\/strong> \u2013 En cliquant sur le bouton ci-dessus, vous serez redirig\u00e9 vers la plateforme de paiement Stripe, leader mondial du paiement en ligne. Vos coordonn\u00e9es bancaires ne transitent jamais par notre site et ne sont jamais stock\u00e9es.<\/em><\/p>\t\t\t\t\t\t\t\t<\/div>\n\t\t\t\t<\/div>\n\t\t\t\t<\/div>\n\t\t\t\t\t<\/div>\n\t\t\t\t<\/div>\n\t\t\t\t<\/div>\n\t\t","protected":false},"excerpt":{"rendered":"<p>\u00c9tude de prix (service PAYANT) Nous comprenons que chaque projet est unique et qu&rsquo;il peut \u00eatre difficile de conna\u00eetre le co\u00fbt exact sans une \u00e9tude personnalis\u00e9e. C&rsquo;est pourquoi nous proposons une \u00e9tude de prix compl\u00e8te pour votre projet d&rsquo;\u00e9vier&nbsp;sur mesure. Cette \u00e9tude vous permettra de conna\u00eetre pr\u00e9cis\u00e9ment le co\u00fbt de votre projet et de visualiser [&hellip;]<\/p>\n","protected":false},"author":2,"featured_media":0,"parent":0,"menu_order":0,"comment_status":"closed","ping_status":"closed","template":"","meta":{"footnotes":""},"class_list":["post-1629","page","type-page","status-publish","hentry"],"_links":{"self":[{"href":"https:\/\/eviers-sur-mesure.fr\/index.php\/wp-json\/wp\/v2\/pages\/1629","targetHints":{"allow":["GET"]}}],"collection":[{"href":"https:\/\/eviers-sur-mesure.fr\/index.php\/wp-json\/wp\/v2\/pages"}],"about":[{"href":"https:\/\/eviers-sur-mesure.fr\/index.php\/wp-json\/wp\/v2\/types\/page"}],"author":[{"embeddable":true,"href":"https:\/\/eviers-sur-mesure.fr\/index.php\/wp-json\/wp\/v2\/users\/2"}],"replies":[{"embeddable":true,"href":"https:\/\/eviers-sur-mesure.fr\/index.php\/wp-json\/wp\/v2\/comments?post=1629"}],"version-history":[{"count":14,"href":"https:\/\/eviers-sur-mesure.fr\/index.php\/wp-json\/wp\/v2\/pages\/1629\/revisions"}],"predecessor-version":[{"id":15986,"href":"https:\/\/eviers-sur-mesure.fr\/index.php\/wp-json\/wp\/v2\/pages\/1629\/revisions\/15986"}],"wp:attachment":[{"href":"https:\/\/eviers-sur-mesure.fr\/index.php\/wp-json\/wp\/v2\/media?parent=1629"}],"curies":[{"name":"wp","href":"https:\/\/api.w.org\/{rel}","templated":true}]}}